{"id":6036,"date":"2023-10-25T16:51:06","date_gmt":"2023-10-25T14:51:06","guid":{"rendered":"https:\/\/www.arkoslight.com\/aviso-legal\/"},"modified":"2024-09-26T14:46:22","modified_gmt":"2024-09-26T12:46:22","slug":"avviso-legale","status":"publish","type":"page","link":"https:\/\/www.arkoslight.com\/it\/avviso-legale\/","title":{"rendered":"Avviso legale"},"content":{"rendered":"<h6>Propriet\u00e0 del sito web<\/h6>\n<p>L&#8217;utilizzo di questo sito web, cos\u00ec come di qualsiasi servizio ad esso associato, implica la lettura, comprensione e accettazione del presente avviso legale da parte dell&#8217;utente.<\/p>\n<p>In ottemperanza a quanto stabilito dalla Legge 34\/2002 dell&#8217;11 luglio, sui Servizi della Societ\u00e0 dell&#8217;Informazione e del Commercio Elettronico (LSSICE), si informano i seguenti aspetti legali:<\/p>\n<p>Responsabile del sito web: ARKOSLIGHT SL<br \/>\nIndirizzo: POLIGONO INDUSTRIAL EL OLIVERAL CALLE N S\/N, 46394 RIBARROJA DEL TURIA, Valencia<br \/>\nEmail di contatto: <a rel=\"noopener\">pascualgarcia@arkoslight.com<\/a><br \/>\nTelefono: 961667207 \/ 961667209<br \/>\nDati fiscali: B98591381<\/p>\n<h6>Condizioni preliminari<\/h6>\n<p>Le presenti condizioni legali regolano l&#8217;uso legale consentito di questo sito web, la cui responsabilit\u00e0 legale \u00e8 di ARKOSLIGHT SL. Queste condizioni generali regolano l&#8217;accesso e l&#8217;utilizzo che il titolare del sito mette a disposizione degli utenti di Internet. L&#8217;accesso implica l&#8217;accettazione senza riserve. Si intende per utente la persona che accede, naviga, utilizza o partecipa ai servizi e\/o attivit\u00e0 del sito.<\/p>\n<p>Il mero utilizzo del sito, cos\u00ec come richiedere informazioni o effettuare un ordine, implica l&#8217;accettazione totale di queste condizioni.<\/p>\n<h6>Uso del sito web<\/h6>\n<p>L&#8217;utente si impegna a utilizzare il sito web, i servizi e i contenuti dello stesso, in conformit\u00e0 con la Legge, il presente Avviso Legale, le buone costumi e l&#8217;ordine pubblico.<\/p>\n<p>Allo stesso modo, l&#8217;utente si impegna a utilizzarli in modo diligente, corretto e lecito e non in contrasto con il contenuto di questo Avviso Legale. In particolare, si impegna ad astenersi dall&#8217;eliminare, eludere o manipolare il \u201ccopyright\u201d e altri dati identificativi dei diritti dei titolari incorporati nei contenuti, cos\u00ec come i dispositivi tecnici di protezione o qualsiasi meccanismo informativo che possano contenere.<\/p>\n<p>\u00c8 espressamente vietato compiere azioni lesive degli interessi o diritti di terzi, o che in qualsiasi modo possano danneggiare, rendere inutilizzabile o deteriorare il sito o i suoi servizi, o impedire il normale godimento del sito da parte di altri utenti.<\/p>\n<p>L&#8217;utente si impegna a non ostacolare l&#8217;accesso ad altri utenti al servizio di accesso attraverso il consumo massiccio delle risorse informatiche tramite le quali ARKOSLIGHT SL fornisce il servizio, cos\u00ec come a compiere azioni che danneggino, interrompano o generino errori in tali sistemi o servizi.<\/p>\n<p>L&#8217;utente si impegna a non introdurre programmi, virus, macro, applet, controlli ActiveX o qualsiasi altro dispositivo logico o sequenza di caratteri che causino o siano suscettibili di causare qualsiasi tipo di alterazione nei sistemi informatici di ARKOSLIGHT SL o di terzi.<\/p>\n<p>L&#8217;utente si impegna a non ottenere informazioni, messaggi, grafica, disegni, file audio e\/o video, fotografie, registrazioni, software e in generale, qualsiasi tipo di materiale accessibile attraverso il sito web o i servizi offerti dallo stesso.<\/p>\n<p>Si intende che l&#8217;accesso o l&#8217;utilizzo del sito web da parte dell&#8217;utente implica l&#8217;accettazione da parte sua dell&#8217;Avviso Legale che ARKOSLIGHT SL avr\u00e0 pubblicato al momento dell&#8217;accesso, che sar\u00e0 sempre disponibile per gli utenti.<\/p>\n<p>L&#8217;utente si impegna a fare un uso adeguato dei contenuti e dei servizi (come ad esempio i commenti, i forum di opinione o le pagine aperte ai lettori) che ARKOSLIGHT SL offre sul proprio sito web e a non utilizzarli per attivit\u00e0 illecite o contrarie alla buona fede e all&#8217;ordinamento legale; diffondere contenuti o propaganda di carattere razzista, xenofobo, pornografico-illecito, di apologia del terrorismo o che violino i diritti umani.<\/p>\n<h6>Accesso al sito web e password<\/h6>\n<p>Alcuni dei servizi e dei contenuti offerti da ARKOSLIGHT SL possono essere soggetti a previa contrattazione del servizio e al pagamento di una somma di denaro secondo quanto stabilito nelle Condizioni Generali di Contrattazione, nel qual caso saranno messi a disposizione in modo chiaro.<\/p>\n<p>L&#8217;accesso e la navigazione su questo sito non richiedono registrazione da parte dell&#8217;utente, pertanto non vengono raccolti dati personali, eccetto quelli specificati nella politica sui cookie o che l&#8217;utente fornisce tramite un modulo di contatto o simile di questo sito, nel qual caso i dati saranno trattati e conservati secondo le condizioni specificate nella politica sui cookie o sulla privacy, a seconda dei casi.<\/p>\n<h6>Minori di et\u00e0<\/h6>\n<p>\u00c8 vietata la contrattazione di prodotti o servizi tramite il sito da parte di minori di et\u00e0, che devono ottenere preventivamente il consenso dei propri genitori, tutori o rappresentanti legali, i quali saranno considerati responsabili degli atti compiuti dai minori a loro carico.<\/p>\n<h6>Modifica delle condizioni dell&#8217;Avviso Legale<\/h6>\n<p>ARKOSLIGHT SL si riserva espressamente il diritto di modificare il presente Avviso Legale. L&#8217;utente riconosce e accetta che \u00e8 sua responsabilit\u00e0 rivedere il sito e il presente Avviso Legale.<\/p>\n<h6>Limitazione di garanzie e responsabilit\u00e0<\/h6>\n<p>ARKOSLIGHT SL si impegna a compiere i migliori sforzi per evitare eventuali errori nei contenuti che potrebbero apparire sul sito. In ogni caso, ARKOSLIGHT SL sar\u00e0 esente da qualsiasi responsabilit\u00e0 derivante da eventuali errori nei contenuti che potrebbero apparire sul sito, sempre che non le siano imputabili.<\/p>\n<p>ARKOSLIGHT SL non garantisce che il sito e il server siano privi di virus e non si assume responsabilit\u00e0 per i danni o le perdite che possano derivare da interferenze, omissioni, interruzioni, virus informatici, guasti telefonici o disconnessioni nel funzionamento operativo di questo sistema elettronico, causati da fattori estranei a ARKOSLIGHT SL, ritardi o blocchi nell&#8217;uso di questo sistema elettronico causati da difetti nelle linee telefoniche o sovraccarichi nel sistema di Internet o in altri sistemi elettronici, cos\u00ec come per i danni che possano essere causati da terze persone mediante intrusioni illegittime al di fuori del controllo di ARKOSLIGHT SL.<\/p>\n<h6>Propriet\u00e0 intellettuale e industriale<\/h6>\n<p>Tutti i nomi commerciali, marchi o segni distintivi di qualsiasi tipo contenuti nelle pagine web dell&#8217;azienda sono di propriet\u00e0 dei rispettivi proprietari e sono protetti dalla legge.<\/p>\n<p>Tutti i diritti di Propriet\u00e0 Industriale e Intellettuale del sito\u00a0<a href=\"https:\/\/www.arkoslight.com\/\" target=\"_new\" rel=\"noopener\">https:\/\/www.arkoslight.com\/<\/a>\u00a0e dei suoi contenuti (testi, immagini, suoni, audio, video, design, creativit\u00e0, software) appartengono, come autore di opera collettiva o come cessionario, a ARKOSLIGHT SL o, se del caso, a terze persone.<\/p>\n<p>\u00c8 espressamente vietata la riproduzione, distribuzione e comunicazione pubblica, inclusa la modalit\u00e0 di messa a disposizione, della totalit\u00e0 o di parte dei contenuti di questo sito web, a fini commerciali, su qualsiasi supporto e con qualsiasi mezzo tecnico, senza l&#8217;autorizzazione di ARKOSLIGHT SL. L&#8217;utente si impegna a rispettare i diritti di Propriet\u00e0 Industriale e Intellettuale di ARKOSLIGHT SL e di terzi.<\/p>\n<p>Ai fini di quanto previsto dall&#8217;articolo 32.1 del Testo Unico della Legge sulla Propriet\u00e0 Intellettuale, ARKOSLIGHT SL si oppone espressamente all&#8217;utilizzo di qualsiasi contenuto del sito web al fine di effettuare recensioni in altri mezzi telematici o in formato cartaceo a fini commerciali senza avere preventivamente l&#8217;autorizzazione di ARKOSLIGHT SL.<\/p>\n<p>L&#8217;utente pu\u00f2 visualizzare tutti gli elementi, stamparli, copiarli e conservarli nel disco rigido del proprio computer o su qualsiasi altro supporto fisico, sempre e solo per uso personale e privato, essendo quindi rigorosamente vietato utilizzarli a fini commerciali, distribuirli, nonch\u00e9 modificarli, alterarne il contenuto o decompilarli.<\/p>\n<p>ARKOSLIGHT SL fornisce accesso a ogni tipo di informazioni, servizi, programmi o dati su Internet che possono appartenere a terzi, nel qual caso ARKOSLIGHT SL non si assume responsabilit\u00e0 per tali contenuti n\u00e9 per eventuali reclami che possano derivare dalla qualit\u00e0, affidabilit\u00e0, accuratezza o correttezza degli stessi.<\/p>\n<h6>Responsabilit\u00e0 per i collegamenti<\/h6>\n<p>Il sito web non dispone di collegamenti o iperlink di terzi.<\/p>\n<h6>Protezione dei dati personali<\/h6>\n<p>ARKOSLIGHT SL adotta le misure tecniche e organizzative necessarie per garantire la protezione dei dati di carattere personale e per evitare la loro alterazione, perdita, trattamento e\/o accesso non autorizzato, tenendo conto dello stato della tecnica, della natura dei dati conservati e dei rischi ai quali sono esposti, tutto ci\u00f2 in conformit\u00e0 con quanto stabilito dalla legislazione spagnola sulla Protezione dei Dati di Carattere Personale.<\/p>\n<p>L&#8217;utente potr\u00e0 inviare a ARKOSLIGHT SL i propri dati di carattere personale tramite i vari moduli che a tale scopo sono presenti sul sito. Tali moduli contengono un testo legale in materia di protezione dei dati personali che soddisfa le esigenze stabilite dalla Legge Organica 15\/1999, del 13 dicembre, sulla Protezione dei Dati di Carattere Personale, e dal suo Regolamento di Sviluppo, approvato dal Regio Decreto 1720\/2007, del 21 dicembre.<\/p>\n<p>Ti preghiamo di leggere attentamente i testi legali prima di fornire i tuoi dati di carattere personale.<\/p>\n<h6>Esclusione di responsabilit\u00e0<\/h6>\n<p>ARKOSLIGHT SL non si assume responsabilit\u00e0 per le perdite o i danni che possono derivare all&#8217;utente o visitatore da una eventuale interruzione del servizio, n\u00e9 sar\u00e0 responsabile per problemi sorgenti dalla mancanza di interattivit\u00e0 tra gli utenti o visitatori in queste situazioni.<\/p>\n<h6>Legislazione applicabile e giurisdizione<\/h6>\n<p>Tutte le questioni che sorgono tra ARKOSLIGHT SL e l&#8217;utente relative all&#8217;interpretazione, all&#8217;adempimento e alla validit\u00e0 del presente Avviso Legale saranno regolate dalle proprie clausole e, per quanto non previsto in esse, in conformit\u00e0 con la legislazione spagnola, sottomettendo espressamente le parti alla giurisdizione dei Giudici e Tribunali del domicilio di ARKOSLIGHT SL.<\/p>\n","protected":false},"excerpt":{"rendered":"<p>Propriet\u00e0 del sito web L&#8217;utilizzo di questo sito web, cos\u00ec come di qualsiasi servizio ad esso associato, implica la lettura, comprensione e accettazione del presente avviso legale da parte dell&#8217;utente. In ottemperanza a quanto stabilito dalla Legge 34\/2002 dell&#8217;11 luglio, sui Servizi della Societ\u00e0 dell&#8217;Informazione e del Commercio Elettronico (LSSICE), si informano i seguenti aspetti &hellip; <a href=\"https:\/\/www.arkoslight.com\/it\/avviso-legale\/\">Vedi altro<\/a><\/p>\n","protected":false},"author":1,"featured_media":0,"parent":0,"menu_order":197,"comment_status":"closed","ping_status":"closed","template":"","meta":{"_acf_changed":false,"footnotes":""},"class_list":["post-6036","page","type-page","status-publish","hentry"],"acf":[],"_links":{"self":[{"href":"https:\/\/www.arkoslight.com\/it\/wp-json\/wp\/v2\/pages\/6036","targetHints":{"allow":["GET"]}}],"collection":[{"href":"https:\/\/www.arkoslight.com\/it\/wp-json\/wp\/v2\/pages"}],"about":[{"href":"https:\/\/www.arkoslight.com\/it\/wp-json\/wp\/v2\/types\/page"}],"author":[{"embeddable":true,"href":"https:\/\/www.arkoslight.com\/it\/wp-json\/wp\/v2\/users\/1"}],"replies":[{"embeddable":true,"href":"https:\/\/www.arkoslight.com\/it\/wp-json\/wp\/v2\/comments?post=6036"}],"version-history":[{"count":3,"href":"https:\/\/www.arkoslight.com\/it\/wp-json\/wp\/v2\/pages\/6036\/revisions"}],"predecessor-version":[{"id":12710,"href":"https:\/\/www.arkoslight.com\/it\/wp-json\/wp\/v2\/pages\/6036\/revisions\/12710"}],"wp:attachment":[{"href":"https:\/\/www.arkoslight.com\/it\/wp-json\/wp\/v2\/media?parent=6036"}],"curies":[{"name":"wp","href":"https:\/\/api.w.org\/{rel}","templated":true}]}}