{"id":6033,"date":"2023-10-25T16:49:50","date_gmt":"2023-10-25T14:49:50","guid":{"rendered":"https:\/\/www.arkoslight.com\/politica-de-privacidad\/"},"modified":"2024-10-16T11:42:21","modified_gmt":"2024-10-16T09:42:21","slug":"politica-sulla-privacy","status":"publish","type":"page","link":"https:\/\/www.arkoslight.com\/it\/politica-sulla-privacy\/","title":{"rendered":"Politica sulla privacy e sulla protezione dei dati"},"content":{"rendered":"<p>comunicazioni commerciali consentono:<\/p>\n<h6>1.- Informazioni generali<\/h6>\n<p>La presente \u201cPolitica sulla privacy e protezione dei dati\u201d \u00e8 intesa a pubblicizzare le condizioni che regolano la raccolta e il trattamento dei dati personali da parte della nostra entit\u00e0 o gruppo aziendale al fine di garantire i diritti fondamentali, il loro onore e le loro libert\u00e0, tutti questo in conformit\u00e0 con le normative vigenti che regolano la protezione dei dati personali secondo l\u2019Unione europea e lo Stato membro spagnolo.<\/p>\n<p>In conformit\u00e0 con queste normative, abbiamo bisogno dell\u2019autorizzazione e del consenso per la raccolta e il trattamento dei dati personali, quindi di seguito, vi indichiamo tutti i dettagli del vostro interesse su come eseguiamo questi processi, per quali scopi, che Altre entit\u00e0 potrebbero avere accesso ai tuoi dati e quali sono i tuoi diritti. Per tutto quanto sopra, una volta esaminato e letto la nostra politica sulla protezione dei dati, lo \u00e8 essenziale accettarlo come prova del suo consenso e conformit\u00e0<\/p>\n<p>&nbsp;<\/p>\n<h6>2.- Responsabile del trattamento<\/h6>\n<p><strong>Chi raccoglie e tratta i suoi dati?\u00a0<\/strong><\/p>\n<p>Il responsabile del trattamento dei dati \u00e8 quella persona fisica o giuridica, di natura pubblica o privata, o organo amministrativo, che da solo o in collaborazione con altri determina le finalit\u00e0 e i mezzi del trattamento dei dati personali; nel caso in cui le finalit\u00e0 e i mezzi del trattamento siano determinati dalla legge dell\u2019Unione europea o dallo Stato membro spagnolo.<\/p>\n<p>In questo caso, i nostri dati identificativi come Responsabili del trattamento sono i seguenti:<\/p>\n<p>ARKOSLIGHT SL \u2013 PARTITA IVA B98591381<\/p>\n<p>I tuoi dati personali sono trattati da tutte le entit\u00e0 del nostro Gruppo di Responsabili oGruppo aziendale ARKOSLIGHT SL, composto, oltre all\u2019entit\u00e0 sopra descritta, delle seguenti organizzazioni:<\/p>\n<p><strong>Come potete contattarci?\u00a0<\/strong><\/p>\n<p>Indirizzo dei nostri uffici: POLIGONO INDUSTRIAL EL OLIVERAL CALLE N S \/ N. 46394, RIBARROJA DEL TURIA (Valencia), Spagna<br \/>\nEmail: pascualgarcia@arkoslight.com \u2013 Telefono: 961667207<br \/>\nIndirizzo postale: POLIGONO INDUSTRIAL EL OLIVERAL CALLE N S \/ N. 46394, RIBARROJA DEL TURIA (Valencia), Spagna<\/p>\n<p><strong>Chi pu\u00f2 aiutarvi con la nostra politica sulla protezione dei dati?\u00a0<\/strong><\/p>\n<p>Abbiamo una persona o entit\u00e0 specializzata nella protezione dei dati, che ha il compito di garantire la conformit\u00e0 corretta nella nostra entit\u00e0 della legislazione e dei regolamenti in vigore. Questa persona viene chiamata Data Protection Delegate (DPO) o Data Protection Manager e, se necessario, \u00e8 possibile contattarlo come segue:<\/p>\n<p>ARKOSLIGHT SL \u2013 Partita IVA B98591381<\/p>\n<p>Email: pascualgarcia@arkoslight.com \u2013 Tel\u00e9fono: 961667207<\/p>\n<p>&nbsp;<\/p>\n<h6>3.- Sicurezza<\/h6>\n<p><strong>Cosa facciamo per garantire la privacy dei suoi dati? <\/strong><\/p>\n<p>La nostra entit\u00e0 o gruppo aziendale adotta le misure organizzative e tecniche necessarie per garantire la sicurezza e la riservatezza dei dati, per evitare alterazioni, perdite, trattamenti o accessi non autorizzati, a seconda dello stato della tecnologia, della natura dei dati memorizzati e del rischi a cui sono esposti.<\/p>\n<p>Tra le altre, spiccano le seguenti misure:<\/p>\n<p>1. Garantire la riservatezza, l\u2019integrit\u00e0, la disponibilit\u00e0 e la resilienza permanenti del sistemi e servizi di trattamento.<br \/>\n2. Ripristinare la disponibilit\u00e0 e l\u2019accesso ai dati personali rapidamente, in caso di incidente fisico o tecnico.<br \/>\n3. Verificare, valutare e valutare, su base regolare, l\u2019efficacia delle misure tecniche e organizzative implementate per garantire la sicurezza del trattamento.<br \/>\n4. Pseudonimizzare e crittografare i dati personali, nel caso si tratti di dati sensibili.<\/p>\n<p>Oltre a queste misure, con l\u2019intento di rafforzare la sicurezza e la privacy, lo siamoaderito a:<\/p>\n<p>&nbsp;<\/p>\n<h6>4.- Scopo del trattamento<\/h6>\n<p><strong>Per cosa vogliamo elaborare i suoi dati?<\/strong><\/p>\n<p>Abbiamo bisogno della tua autorizzazione e acconsento a raccogliere e trattare i tuoi dati personali, quindi di seguito riportiamo in dettaglio gli usi e gli scopi previsti.<br \/>\nAnche cos\u00ec, eseguiremo solo quelli che ci hai autorizzato tramite il \u201cModulo di autorizzazione\u201d del consenso per il trattamento dei dati.<\/p>\n<p>COMUNICAZIONE COMMERCIALE MAILCHIMP: marketing, pubblicit\u00e0 e prospezione commerciale<\/p>\n<p><strong>Quanto tempo conserviamo i suoi dati?<\/strong><\/p>\n<p>Utilizziamo i tuoi dati per il tempo strettamente necessario a soddisfare le finalit\u00e0 sopra indicate.<br \/>\nA meno che non vi sia un obbligo o un requisito legale, i periodi di conservazione previsti sono:<\/p>\n<p>COMUNICAZIONE COMMERCIALE MAILCHIMP: Finch\u00e9 la sua cancellazione non \u00e8 richiesta dalla parte interessata.<\/p>\n<p><strong>Quali processi decisionali automatizzati facciamo?<\/strong><\/p>\n<p>&nbsp;<\/p>\n<h6>5.- Legittimit\u00e0 del trattamento<\/h6>\n<p><strong>Perch\u00e9 trattiamo i tuoi dati?\u00a0<\/strong><\/p>\n<p>La raccolta e il trattamento dei tuoi dati sono sempre legittimati da una o pi\u00f9 basi legali, che sono dettagliate di seguito:<\/p>\n<p>COMUNICAZIONE COMMERCIALE MAILCHIMP: Esistenza di un rapporto contrattuale con ilinteressato da contratto o pre-contratto.<\/p>\n<p>&nbsp;<\/p>\n<h6>6.- Destinatari dei tuoi dati<\/h6>\n<p><strong>A chi forniamo i vostri dati all\u2019interno dell\u2019Unione Europea?<\/strong><\/p>\n<p>A volte, per rispettare i nostri obblighi legali e il nostro impegno contrattuale con te, ci troviamo di fronte all\u2019obbligo e alla necessit\u00e0 di fornire alcuni dei tuoi dati a determinate categorie di destinatari, che specifichiamo di seguito (appariranno solo se verranno effettuati degli incarichi):<\/p>\n<p>Comunicazione commerciale Mailchimp: societ\u00e0 dedicate alla pubblicit\u00e0 o al marketing diretto.<\/p>\n<p>Oltre alle categorie di destinatari a cui vengono trasferiti i dati, potremmo anche assegnarli alle seguenti organizzazioni (verranno visualizzati solo se i dati vengono trasferiti ad altre organizzazioni):<\/p>\n<p><strong>Effettuiamo trasferimenti internazionali dei tuoi dati al di fuori dell\u2019Unione Europea? <\/strong><\/p>\n<p>Nel processo di elaborazione dei dati effettuato dalla nostra entit\u00e0, abbiamo bisogno di contrarre servizi esterni che potrebbero implicare che i vostri dati siano archiviati e\/o elaborati da organizzazioni stabilite o operanti al di fuori dell\u2019Unione Europea, il che implicherebbe che effettuiamo trasferimenti dati internazionali.<\/p>\n<p>Successivamente, indichiamo tutti i dettagli di questi trasferimenti internazionali (vengono visualizzati solo se sono stati effettuati):<\/p>\n<p>&nbsp;<\/p>\n<h6>7.- Origine e tipi di dati trattati<\/h6>\n<p><strong>Dove abbiamo ottenuto i tuoi dati? Quali tipi di dati abbiamo raccolto e elaborato?<\/strong><\/p>\n<p>Comunicazione commerciale Mailchimp<\/p>\n<p>Scopi: marketing, pubblicit\u00e0 e prospezione commerciale.<\/p>\n<p>&nbsp;<\/p>\n<h6>8.- Diritti delle parti interessate<\/h6>\n<p><strong>Quali sono i diritti che ti proteggono?<\/strong><\/p>\n<p>Le attuali norme sulla protezione dei dati ti proteggono in una serie di diritti in relazione all\u2019utilizzo che diamo ai tuoi dati. Ciascuno dei loro diritti \u00e8 unipersonale e non trasferibile, cio\u00e8, possono essere fatti dal proprietario dei dati solo dopo aver verificato la loro identit\u00e0.<\/p>\n<p>Di seguito, indichiamo quali sono i diritti che ti aiutano:<\/p>\n<ul>\n<li>Richiedi l\u2019accesso ai tuoi dati personali.<\/li>\n<li>Richiedi la rettifica dei tuoi dati.<\/li>\n<li>Richiedi la cancellazione o la cancellazione dei tuoi dati (diritto di \u201cdimenticare\u201d).<\/li>\n<li>Limitare o opporre l\u2019uso che forniamo ai tuoi dati.<\/li>\n<li>Diritto alla portabilit\u00e0 dei tuoi dati per casi di servizi di telecomunicazione o Internet.<\/li>\n<li>Diritto di ritirare il tuo consenso in qualsiasi momento.<\/li>\n<li>Diritto di presentare un reclamo relativo alla protezione dei dati con l\u2019Autorit\u00e0 di controllo: Agenzia spagnola per la protezione dei dati.<\/li>\n<\/ul>\n<p><strong>Come puoi esercitare i tuoi diritti in relazione ai tuoi dati?<\/strong><\/p>\n<p>Per esercitare i diritti di accesso, rettifica, cancellazione, limitazione o opposizione:<\/p>\n<p><strong>Comunicazioni commerciali Mailchimp<\/strong><\/p>\n<p>Responsabile: ARKOSLIGHT SL<\/p>\n<p>Indirizzo: Pol\u00edgono Industrial El Oliveral Calle N S\/N. 46394, Ribarroja del Turia (Valencia), Espa\u00f1a.<\/p>\n<p>Telefono: 961667207<\/p>\n<p>E-mail: <a rel=\"noopener\">pascualgarcia@arkoslight.com<\/a><\/p>\n<p><strong>Come potete presentare un reclamo?<\/strong><\/p>\n<p>Oltre ai diritti che ti assistono, se ritieni che i tuoi dati non vengano raccolti o elaborati in conformit\u00e0 con le attuali norme sulla protezione dei dati, puoi presentare un reclamo all\u2019Autorit\u00e0 di controllo, le cui informazioni di contatto sono indicate di seguito:<\/p>\n<p>Agenzia spagnola per la protezione dei dati C\/. Jorge Juan, 6. 28001, Madrid (Madrid), Spagna.<\/p>\n<p>Email: <a rel=\"noopener\">info@agpd.es<\/a> \u2013 Telefono: 912663517<\/p>\n<p>Web: <a href=\"https:\/\/www.agpd.es\" target=\"_new\" rel=\"noopener\">https:\/\/www.agpd.es<\/a><\/p>\n<p>&nbsp;<\/p>\n<h6>9.- Consenso e accettazione<\/h6>\n<p>L\u2019accettazione di questo documento indica che l\u2019utente comprende e accetta tutte le clausole della nostra politica sulla privacy e, pertanto, autorizza la raccolta e il trattamento dei dati personali in questi termini. Questa accettazione \u00e8 fatta firmando il \u201cModulo di autorizzazione al consenso per l\u2019elaborazione dei dati\u201d.<\/p>\n","protected":false},"excerpt":{"rendered":"<p>comunicazioni commerciali consentono: 1.- Informazioni generali La presente \u201cPolitica sulla privacy e protezione dei dati\u201d \u00e8 intesa a pubblicizzare le condizioni che regolano la raccolta e il trattamento dei dati personali da parte della nostra entit\u00e0 o gruppo aziendale al fine di garantire i diritti fondamentali, il loro onore e le loro libert\u00e0, tutti questo &hellip; <a href=\"https:\/\/www.arkoslight.com\/it\/politica-sulla-privacy\/\">Vedi altro<\/a><\/p>\n","protected":false},"author":1,"featured_media":0,"parent":0,"menu_order":188,"comment_status":"closed","ping_status":"closed","template":"","meta":{"_acf_changed":false,"footnotes":""},"class_list":["post-6033","page","type-page","status-publish","hentry"],"acf":[],"_links":{"self":[{"href":"https:\/\/www.arkoslight.com\/it\/wp-json\/wp\/v2\/pages\/6033","targetHints":{"allow":["GET"]}}],"collection":[{"href":"https:\/\/www.arkoslight.com\/it\/wp-json\/wp\/v2\/pages"}],"about":[{"href":"https:\/\/www.arkoslight.com\/it\/wp-json\/wp\/v2\/types\/page"}],"author":[{"embeddable":true,"href":"https:\/\/www.arkoslight.com\/it\/wp-json\/wp\/v2\/users\/1"}],"replies":[{"embeddable":true,"href":"https:\/\/www.arkoslight.com\/it\/wp-json\/wp\/v2\/comments?post=6033"}],"version-history":[{"count":3,"href":"https:\/\/www.arkoslight.com\/it\/wp-json\/wp\/v2\/pages\/6033\/revisions"}],"predecessor-version":[{"id":12832,"href":"https:\/\/www.arkoslight.com\/it\/wp-json\/wp\/v2\/pages\/6033\/revisions\/12832"}],"wp:attachment":[{"href":"https:\/\/www.arkoslight.com\/it\/wp-json\/wp\/v2\/media?parent=6033"}],"curies":[{"name":"wp","href":"https:\/\/api.w.org\/{rel}","templated":true}]}}