{"id":6031,"date":"2023-10-25T16:49:50","date_gmt":"2023-10-25T14:49:50","guid":{"rendered":"https:\/\/www.arkoslight.com\/politica-de-privacidad\/"},"modified":"2024-10-16T11:42:36","modified_gmt":"2024-10-16T09:42:36","slug":"politique-de-confidentialite","status":"publish","type":"page","link":"https:\/\/www.arkoslight.com\/fr\/politique-de-confidentialite\/","title":{"rendered":"Politique de confidentialit\u00e9 et de protection des donn\u00e9es"},"content":{"rendered":"<p>Consentement communications commerciales:<\/p>\n<h6>1.- Information g\u00e9n\u00e9rale<\/h6>\n<p>Le pr\u00e9sent document \u00ab\u00a0Politique de Confidentialit\u00e9 et Protection des donn\u00e9es\u201d a comme objectif celui d\u2019informer sur les conditions r\u00e9gissant le recueillement et le traitement de vos donn\u00e9es personnelles \u00a0de la part de notre entit\u00e9 ou groupe corporatif, afin de veiller sur vos droits fondamentaux, votre honneur et libert\u00e9s, et ceci conform\u00e9ment aux normes en vigueur \u00a0r\u00e9glementant la Protection des Donn\u00e9es Personnelles selon l\u2019Union \u00a0Europ\u00e9enne et l\u2019Etat membre Espagnol.<\/p>\n<p>Conform\u00e9ment \u00e0 ces normes, nous avons besoin d\u2019avoir votre autorisation et consentement pour recueillir et traiter vos donn\u00e9es personnelles ; c\u2019est pourquoi nous vous informons ci-apr\u00e8s de tous les d\u00e9tails susceptibles de vous int\u00e9resser, concernant la mani\u00e8re dont nous r\u00e9alisons ce processus, \u00e0 quelles fins , quelles autres entit\u00e9s pourraient avoir acc\u00e8s \u00e0 vos informations, et quels sont vos droits.<\/p>\n<p>Pour toutes ces raisons , une fois que vous aurez r\u00e9vis\u00e9 et lu notre Politique de Protection de Donn\u00e9es, il est indispensable que vous l\u2019acceptiez comme preuve de votre accord et consentement.<\/p>\n<p>&nbsp;<\/p>\n<h6>2.- Responsable du traitement<\/h6>\n<p><strong>Qui recueille et traite vos donn\u00e9es?<\/strong><\/p>\n<p>Le Responsable du Traitement des Donn\u00e9es est une personne physique ou juridique, de nature publique ou priv\u00e9e, ou un Organe administratif qui, seul ou accompagn\u00e9s d\u2019autres organes, d\u00e9termine les fins et moyens du traitement des donn\u00e9es personnelles, dans le cas o\u00f9 les fins et moyens du traitement soient d\u00e9termin\u00e9s par le Droit de l\u2019Union Europ\u00e9enne ou de l\u2019Etat membre Espagnol.<\/p>\n<p>Dans le cas pr\u00e9sent, nos coordonn\u00e9es identificatoires en tant que Responsable du traitement sont les suivantes :<\/p>\n<p>ARKOSLIGHT SL \u2013 n\u00ba de TVA ESB98591381<\/p>\n<p>Vos donn\u00e9es personnelles sont trait\u00e9es par\u00a0 toutes les entit\u00e9s de notre Groupe de Responsables ou par le Groupe Corporatif ARKOSLIGHT SL, compos\u00e9, \u00a0en plus de l\u2019entit\u00e9 d\u00e9crite ant\u00e9rieurement, des organisations suivantes:<\/p>\n<p><strong>Comment pouvez-vous contacter avec nous?<\/strong><\/p>\n<p>Adresse de nos bureaux : POLIGONO INDUSTRIAL EL OLIVERAL CALLE N S\/N. 46394, RIBARROJA DEL TURIA (Valencia), Espagne<\/p>\n<p>Email: pascualgarcia@arkoslight.com \u2013 T\u00e9l\u00e9phone: +34 961667207<\/p>\n<p>Adresse postale : \u00a0POLIGONO INDUSTRIAL EL OLIVERAL CALLE N S\/N. 46394, RIBARROJA DEL TURIA (Valencia), Espagne<\/p>\n<p><strong>Qui peut vous aider au sujet de notre Politique de Protection des Donn\u00e9es?<\/strong><\/p>\n<p>Nous disposons d\u2019une personne ou entit\u00e9 sp\u00e9cialis\u00e9e dans la protection de donn\u00e9es, qui est charg\u00e9e de veiller \u00e0 l\u2019application correcte de la l\u00e9gislation et des normes en vigueur de la part de notre entit\u00e9. Cette personne re\u00e7oit le nom de D\u00e9l\u00e9gu\u00e9\u00a0 de Protection des Donn\u00e9es \u00a0(DPO) ou Responsable de Protection des Donn\u00e9es et si vous en avez besoin , vous pouvez le contacter de la mani\u00e8re suivante :<\/p>\n<p>ARKOSLIGHT SL \u2013 n\u00ba de TVA ESB98591381<\/p>\n<p>Email: pascualgarcia@arkoslight.com \u2013 T\u00e9l\u00e9phone: +34 961667207<\/p>\n<p>&nbsp;<\/p>\n<h6>3.- Mesures de s\u00e9curit\u00e9<\/h6>\n<p><strong>Que faisons-nous pour garantir la confidentialit\u00e9 de vos donn\u00e9es?<\/strong><\/p>\n<p>Notre entit\u00e9 ou groupe corporatif adopte les mesures organisationnelles et techniques n\u00e9cessaires pour garantir la s\u00e9curit\u00e9 et la confidentialit\u00e9 de vos donn\u00e9es, \u00e9viter leur modification, perte, traitement ou acc\u00e8s non autoris\u00e9, en fonction de l\u2019\u00e9tat de la technologie, la nature des donn\u00e9es stock\u00e9es, et les risques auxquels elles sont expos\u00e9es.<\/p>\n<p>Entre autres , il faut souligner les mesures suivantes :<\/p>\n<ol>\n<li>Garantir la confidentialit\u00e9, l\u2019int\u00e9grit\u00e9, la disponibilit\u00e9 et la r\u00e9silience permanentes des syst\u00e8mes et services de traitement.<\/li>\n<li>R\u00e9tablir la disponibilit\u00e9 et l\u2019acc\u00e8s aux donn\u00e9es personnelles de mani\u00e8re rapide en cas d\u2019incident physique ou technique.<\/li>\n<li>V\u00e9rifier, \u00e9valuer et valoriser de mani\u00e8re r\u00e9guli\u00e8re, l\u2019efficacit\u00e9 des mesures techniques et organisationnelles appliqu\u00e9es pour garantir la s\u00e9curit\u00e9 du traitement.<\/li>\n<li>Pseudonymiser et codifier les donn\u00e9es personnelles, quand il s\u2019agit de donn\u00e9es sensibles.<\/li>\n<\/ol>\n<p>En plus de ces mesures, dans le but de renforcer la s\u00e9curit\u00e9 et la confidentialit\u00e9, nous adh\u00e9rons \u00e0 :<\/p>\n<p>&nbsp;<\/p>\n<h6>4.- Objectif du traitement<\/h6>\n<p><strong>A quelles fins voulons-nous traiter vos donn\u00e9es?<\/strong><\/p>\n<p>Nous avons besoin de votre autorisation et consentement pour recueillir et traiter vos donn\u00e9es personnelles; nous vous expliquons donc ci-apr\u00e8s quelles sont les utilisations et fins pr\u00e9vus. De toute mani\u00e8re, nous n\u2019effectuerons que les traitements que vous nous ayez autoris\u00e9s par le biais du \u201c Formulaire d\u2019Autorisation\u00a0\u00bb du Consentement pour le traitement des donn\u00e9es.<\/p>\n<p>COMMUNICATIONS COMMERCIALES MAILCHIMP: Marketing, publicit\u00e9 et enqu\u00eates commerciales.<\/p>\n<p><strong>Pendant combien de temps conservons-nous vos donn\u00e9es?<\/strong><\/p>\n<p>Nous utilisons vos donn\u00e9es pendant le temps strictement n\u00e9cessaire pour atteindre les fins indiqu\u00e9es ant\u00e9rieurement. Sauf obligation ou exigence l\u00e9gale, les temps de conservation des donn\u00e9es pr\u00e9vus sont les suivants:<\/p>\n<p>COMMUNICATIONS COMMERCIALES MAILCHIMP: aussi longtemps que l\u2019int\u00e9ress\u00e9 \u00a0ne demande pas son \u00e9limination.<\/p>\n<p><strong>Quels processus de d\u00e9cisions automatis\u00e9es r\u00e9alisons-nous\u00a0?<\/strong><\/p>\n<p>&nbsp;<\/p>\n<h6>5.- L\u00e9gitimation du traitement<\/h6>\n<p><strong>Pourquoi traitons-nous vos donn\u00e9es\u00a0?<\/strong><\/p>\n<p>Le recueil\u00a0 et le traitement de vos donn\u00e9es est toujours l\u00e9gitim\u00e9 par une ou plusieurs bases juridiques, lesquelles nous d\u00e9taillons ci-apr\u00e8s\u00a0:<\/p>\n<p>COMMUNICATIONS COMMERCIALES \u00a0MAILCHIMP: Existence d\u2019une relation commerciale contractuelle avec l\u2019int\u00e9ress\u00e9 au moyen d\u2019un contrat ou pr\u00e9contrat.<\/p>\n<p>&nbsp;<\/p>\n<h6>6.- Destinataires de vos donn\u00e9es<\/h6>\n<p><strong>A qui c\u00e9dons-nous vos donn\u00e9es \u00e0 l\u2019int\u00e9rieur de l\u2019Union Europ\u00e9enne?<\/strong><\/p>\n<p>Dans certains cas, afin de pouvoir remplir nos obligations l\u00e9gales et notre compromis contractuel avec vous, nous nous voyons dans l\u2019obligation et le besoin de c\u00e9der certaines de vos donn\u00e9es \u00e0 certaines cat\u00e9gories \u00a0de destinataires, dont voici la liste ci-apr\u00e8s\u00a0:<\/p>\n<p>( les noms appara\u00eetront seulement en cas de cessions)<\/p>\n<p>COMMUNICATIONS COMMERCIALES\u00a0 MAILCHIMP : Entreprises sp\u00e9cialis\u00e9es en publicit\u00e9 ou marketing direct.<\/p>\n<p>En plus des cat\u00e9gories de destinataires\u00a0 cit\u00e9es auxquelles les donn\u00e9es son c\u00e9d\u00e9es, il est aussi possible que nous les c\u00e9dions aux organisations suivantes (elles appara\u00eetront seulement si nous c\u00e9dions des donn\u00e9es \u00e0 d\u2019autres organisations):<\/p>\n<p><strong>R\u00e9alisons-nous des envois internationaux de vos donn\u00e9es en dehors de l\u2019Union Europ\u00e9enne\u00a0?<\/strong><\/p>\n<p>Pendant les processus de traitements de vos donn\u00e9es r\u00e9alis\u00e9s par notre entit\u00e9, nous avons besoin de sous-traiter des services externes qui pourraient impliquer que vos donn\u00e9es soient stock\u00e9es et\/ou trait\u00e9es par des organisations qui sont \u00e9tablies ou op\u00e8rent depuis l\u2019ext\u00e9rieur de l\u2019Union Europ\u00e9enne, ce qui impliquerait que nous r\u00e9alisions des envois internationaux de vos donn\u00e9es.<\/p>\n<p>Veuillez\u00a0 trouver ci-apr\u00e8s tous les d\u00e9tails de ces envois internationaux ( ils appara\u00eetront seulement s\u2019ils se r\u00e9alisent)\u00a0:<\/p>\n<p>&nbsp;<\/p>\n<h6>7.- Provenance et types de donn\u00e9es trait\u00e9es<\/h6>\n<p><strong>D\u2019o\u00f9 avons-nous obtenu vos donn\u00e9es?<\/strong><\/p>\n<p><strong>Quels types de donn\u00e9es avons-nous recueillies et traitons-nous\u00a0?<\/strong><\/p>\n<p>COMMUNICATIONS COMMERCIALES\u00a0 MAILCHIMP<\/p>\n<p>Objectifs\u00a0: Marketing, Publicit\u00e9 et enqu\u00eates commerciales<\/p>\n<p>&nbsp;<\/p>\n<h6>8.- Droits des int\u00e9ress\u00e9s<\/h6>\n<p><strong>Quels sont les droits qui vous prot\u00e8gent?<\/strong><\/p>\n<p>La r\u00e9glementation \u00a0en vigueur concernant la protection des donn\u00e9es vous donnent certains droits concernant l\u2019usage que nous faisons de vos donn\u00e9es. Tous et chacun de ces droits sont unipersonnels et intransf\u00e9rables, c\u2019est-\u00e0-dire qu\u2019ils peuvent seulement \u00eatre r\u00e9alis\u00e9s par le titulaire des donn\u00e9es, une fois v\u00e9rifi\u00e9e son identit\u00e9.<\/p>\n<p>Ci-apr\u00e8s la liste des droits dont vous disposez\u00a0:<\/p>\n<p>Demander l\u2019ACC\u00c8S \u00e0 vos donn\u00e9es personnelles.<\/p>\n<p>Demander la RECTIFICATION de vos donn\u00e9es.<\/p>\n<p>Demander la suppression ou \u00e9limination de vos donn\u00e9es (droit \u00e0 \u00ab\u00a0l\u2019oubli\u00a0\u00bb)<\/p>\n<p>LIMITER ou VOUS OPPOSER \u00e0 l\u2019usage que nous faisons de vos donn\u00e9es<\/p>\n<p>Droit \u00e0 la PORTABILIT\u00c9 de vos donn\u00e9es pour les cas de services de t\u00e9l\u00e9communications\u00a0 ou internet.<\/p>\n<p>Droit \u00e0 RETIRER votre consentement \u00e0 tout moment<\/p>\n<p>Droit \u00e0 pr\u00e9senter une RECLAMATION en mati\u00e8re de protection des donn\u00e9es aupr\u00e8s de l\u2019Autorit\u00e9 de Contr\u00f4le\u00a0: de Control: Agencia Espa\u00f1ola de Protecci\u00f3n de Datos<\/p>\n<p><strong>Comment pouvez-vous exercer vos droits en relation avec vos donn\u00e9es?<\/strong><\/p>\n<p>Pour l\u2019exercice de vos droits d\u2019acc\u00e8s, rectification, suppression, limitation ou opposition, portabilit\u00e9 ou retrait de votre consentement , vous pouvez proc\u00e9der de la mani\u00e8re suivante\u00a0:<\/p>\n<p>COMMUNICATIONS COMMERCIALES MAILCHIMP<\/p>\n<p>Responsable: ARKOSLIGHT SL<\/p>\n<p>Adresse: POLIGONO INDUSTRIAL EL OLIVERAL CALLE N S\/N. 46394, RIBARROJA DEL TURIA<\/p>\n<p>(Valencia), Espa\u00f1a<\/p>\n<p>T\u00e9l\u00e9phone: +34 961667207<\/p>\n<p>E-mail: pascualgarcia@arkoslight.com<\/p>\n<p><strong>Comment pouvez-vous pr\u00e9senter une r\u00e9clamation?<\/strong><\/p>\n<p>En plus des droits qui vous assistent , si vous pensez que vos donn\u00e9es ne sont pas recueillies et trait\u00e9es conform\u00e9ment \u00e0 la r\u00e9glementation en vigueur \u00a0de protection des donn\u00e9es, vous pourrez \u00e9mettre une r\u00e9clamation aupr\u00e8s de l\u2019Autorit\u00e9 de Contr\u00f4le, dont les coordonn\u00e9es de contact sont les suivantes\u00a0:<\/p>\n<p>Agencia Espa\u00f1ola de Protecci\u00f3n de Datos<\/p>\n<p>C\/. Jorge Juan, 6. 28001, Madrid (Madrid), Espa\u00f1a<\/p>\n<p>Email: info@agpd.es \u2013 T\u00e9l\u00e9phone : 912663517<\/p>\n<p>Web: https:\/\/www.agpd.es<\/p>\n<p>&nbsp;<\/p>\n<h6>9.- Consentement et acceptation<\/h6>\n<p>L\u2019acceptation du pr\u00e9sent\u00a0 document indique que vous comprenez et acceptez, toutes les clauses de notre Politique de Confidentialit\u00e9, et que par cons\u00e9quent vous autorisez le recueil et le traitement de vos donn\u00e9es personnelles dans ces termes. Cette acceptation se r\u00e9alise par le biais de la signature du \u201c Formulaire d\u2019Autorisation du Consentement pour le traitement de donn\u00e9es\u00a0\u00bb.<\/p>\n","protected":false},"excerpt":{"rendered":"<p>Consentement communications commerciales: 1.- Information g\u00e9n\u00e9rale Le pr\u00e9sent document \u00ab\u00a0Politique de Confidentialit\u00e9 et Protection des donn\u00e9es\u201d a comme objectif celui d\u2019informer sur les conditions r\u00e9gissant le recueillement et le traitement de vos donn\u00e9es personnelles \u00a0de la part de notre entit\u00e9 ou groupe corporatif, afin de veiller sur vos droits fondamentaux, votre honneur et libert\u00e9s, et &hellip; <a href=\"https:\/\/www.arkoslight.com\/fr\/politique-de-confidentialite\/\">Voir plus<\/a><\/p>\n","protected":false},"author":1,"featured_media":0,"parent":0,"menu_order":191,"comment_status":"closed","ping_status":"closed","template":"","meta":{"_acf_changed":false,"footnotes":""},"class_list":["post-6031","page","type-page","status-publish","hentry"],"acf":[],"_links":{"self":[{"href":"https:\/\/www.arkoslight.com\/fr\/wp-json\/wp\/v2\/pages\/6031","targetHints":{"allow":["GET"]}}],"collection":[{"href":"https:\/\/www.arkoslight.com\/fr\/wp-json\/wp\/v2\/pages"}],"about":[{"href":"https:\/\/www.arkoslight.com\/fr\/wp-json\/wp\/v2\/types\/page"}],"author":[{"embeddable":true,"href":"https:\/\/www.arkoslight.com\/fr\/wp-json\/wp\/v2\/users\/1"}],"replies":[{"embeddable":true,"href":"https:\/\/www.arkoslight.com\/fr\/wp-json\/wp\/v2\/comments?post=6031"}],"version-history":[{"count":3,"href":"https:\/\/www.arkoslight.com\/fr\/wp-json\/wp\/v2\/pages\/6031\/revisions"}],"predecessor-version":[{"id":12817,"href":"https:\/\/www.arkoslight.com\/fr\/wp-json\/wp\/v2\/pages\/6031\/revisions\/12817"}],"wp:attachment":[{"href":"https:\/\/www.arkoslight.com\/fr\/wp-json\/wp\/v2\/media?parent=6031"}],"curies":[{"name":"wp","href":"https:\/\/api.w.org\/{rel}","templated":true}]}}