{"id":15964,"date":"2025-02-27T15:41:51","date_gmt":"2025-02-27T14:41:51","guid":{"rendered":"https:\/\/www.arkoslight.com\/feel-the-light\/"},"modified":"2025-06-10T10:35:51","modified_gmt":"2025-06-10T08:35:51","slug":"feel-the-light","status":"publish","type":"page","link":"https:\/\/www.arkoslight.com\/fr\/feel-the-light\/","title":{"rendered":"Feel the Light"},"content":{"rendered":"<h2>Merci de faire partie de Feel the Light<\/h2>\n<p>Nous esp\u00e9rons que ce voyage avec la lumi\u00e8re a illumin\u00e9 vos sens et \u00e9veill\u00e9 de nouvelles \u00e9motions. Ici, vous trouverez des souvenirs de l&rsquo;installation, des instants captur\u00e9s que vous pourrez revivre et partager.<\/p>\n<p>Identifiez-nous et utilisez le hashtag #FeelTheLight pour rester connect\u00e9s et emporter son essence dans chaque recoin. Nous vous invitons \u00e9galement \u00e0 <a href=\"https:\/\/g.page\/r\/CVUrDztCDU2vEAE\/review\">\u00e9valuer l&rsquo;exp\u00e9rience<\/a>.<\/p>\n","protected":false},"excerpt":{"rendered":"<p>Merci de faire partie de Feel the Light Nous esp\u00e9rons que ce voyage avec la lumi\u00e8re a illumin\u00e9 vos sens et \u00e9veill\u00e9 de nouvelles \u00e9motions. Ici, vous trouverez des souvenirs de l&rsquo;installation, des instants captur\u00e9s que vous pourrez revivre et partager. Identifiez-nous et utilisez le hashtag #FeelTheLight pour rester connect\u00e9s et emporter son essence dans &hellip; <a href=\"https:\/\/www.arkoslight.com\/fr\/feel-the-light\/\">Voir plus<\/a><\/p>\n","protected":false},"author":1,"featured_media":15863,"parent":0,"menu_order":8,"comment_status":"closed","ping_status":"closed","template":"views\/template-feel-the-light.blade.php","meta":{"_acf_changed":false,"footnotes":""},"class_list":["post-15964","page","type-page","status-publish","has-post-thumbnail","hentry"],"acf":[],"_links":{"self":[{"href":"https:\/\/www.arkoslight.com\/fr\/wp-json\/wp\/v2\/pages\/15964","targetHints":{"allow":["GET"]}}],"collection":[{"href":"https:\/\/www.arkoslight.com\/fr\/wp-json\/wp\/v2\/pages"}],"about":[{"href":"https:\/\/www.arkoslight.com\/fr\/wp-json\/wp\/v2\/types\/page"}],"author":[{"embeddable":true,"href":"https:\/\/www.arkoslight.com\/fr\/wp-json\/wp\/v2\/users\/1"}],"replies":[{"embeddable":true,"href":"https:\/\/www.arkoslight.com\/fr\/wp-json\/wp\/v2\/comments?post=15964"}],"version-history":[{"count":3,"href":"https:\/\/www.arkoslight.com\/fr\/wp-json\/wp\/v2\/pages\/15964\/revisions"}],"predecessor-version":[{"id":17801,"href":"https:\/\/www.arkoslight.com\/fr\/wp-json\/wp\/v2\/pages\/15964\/revisions\/17801"}],"wp:featuredmedia":[{"embeddable":true,"href":"https:\/\/www.arkoslight.com\/fr\/wp-json\/wp\/v2\/media\/15863"}],"wp:attachment":[{"href":"https:\/\/www.arkoslight.com\/fr\/wp-json\/wp\/v2\/media?parent=15964"}],"curies":[{"name":"wp","href":"https:\/\/api.w.org\/{rel}","templated":true}]}}