{"id":6035,"date":"2023-10-25T16:51:06","date_gmt":"2023-10-25T14:51:06","guid":{"rendered":"https:\/\/www.arkoslight.com\/aviso-legal\/"},"modified":"2024-09-26T14:39:13","modified_gmt":"2024-09-26T12:39:13","slug":"rechtlicher-hinweis","status":"publish","type":"page","link":"https:\/\/www.arkoslight.com\/de\/rechtlicher-hinweis\/","title":{"rendered":"Rechtlicher Hinweis"},"content":{"rendered":"<h6>Eigentum der Website<\/h6>\n<p>Die Nutzung dieser Website sowie jeglicher ihrer Dienste setzt das Lesen, Verstehen und Akzeptieren dieses rechtlichen Hinweises durch den Nutzer voraus.<\/p>\n<p>In \u00dcbereinstimmung mit den Bestimmungen des Gesetzes 34\/2002 vom 11. Juli \u00fcber Dienstleistungen der Informationsgesellschaft und den elektronischen Gesch\u00e4ftsverkehr (LSSICE) werden die folgenden rechtlichen Aspekte mitgeteilt:<\/p>\n<p>Verantwortlicher der Website: ARKOSLIGHT SL<br \/>\nAdresse: POLIGONO INDUSTRIAL EL OLIVERAL CALLE N S\/N, 46394 RIBARROJA DEL TURIA, Valencia<br \/>\nKontakt-E-Mail: <a rel=\"noopener\">pascualgarcia@arkoslight.com<\/a><br \/>\nTelefon: 961667207 \/ 961667209<br \/>\nSteuerdaten: B98591381<\/p>\n<h6>Vorausgehende Bedingungen<\/h6>\n<p>Diese rechtlichen Bedingungen regeln die zul\u00e4ssige Nutzung dieser Website, deren rechtlicher Verantwortlicher ARKOSLIGHT SL ist. Diese allgemeinen Bedingungen regeln den Zugang und die Nutzung, die der Inhaber der Website den Internetnutzern zur Verf\u00fcgung stellt. Der Zugang zur Website setzt die uneingeschr\u00e4nkte Annahme dieser Bedingungen voraus. Als Nutzer gilt jede Person, die auf die Website zugreift, darin navigiert, sie nutzt oder an den Diensten und\/oder Aktivit\u00e4ten der Website teilnimmt.<\/p>\n<p>Die blo\u00dfe Nutzung der Website sowie das Anfordern von Informationen oder das Aufgeben einer Bestellung bedeutet die uneingeschr\u00e4nkte Annahme dieser Bedingungen.<\/p>\n<h6>Nutzung der Website<\/h6>\n<p>Der Nutzer verpflichtet sich, die Website, die darauf angebotenen Dienste und Inhalte im Einklang mit den geltenden Gesetzen, diesem rechtlichen Hinweis, den guten Sitten und der \u00f6ffentlichen Ordnung zu nutzen.<\/p>\n<p>Ebenso verpflichtet sich der Nutzer, diese sorgf\u00e4ltig, korrekt und rechtm\u00e4\u00dfig zu nutzen und nicht im Widerspruch zu den Bestimmungen dieses rechtlichen Hinweises. Insbesondere verpflichtet er sich, keine Urheberrechte oder andere identifizierende Merkmale der Rechteinhaber der Inhalte zu entfernen, zu umgehen oder zu manipulieren sowie keine technischen Schutzvorrichtungen oder sonstige Informationsmechanismen zu beeintr\u00e4chtigen, die diese Inhalte m\u00f6glicherweise enthalten.<\/p>\n<p>Es ist ausdr\u00fccklich untersagt, Handlungen vorzunehmen, die die Interessen oder Rechte Dritter sch\u00e4digen oder in irgendeiner Weise die Website oder deren Dienste besch\u00e4digen, unbrauchbar machen oder beeintr\u00e4chtigen k\u00f6nnten oder die normale Nutzung der Website durch andere Nutzer behindern.<\/p>\n<p>Der Nutzer verpflichtet sich, anderen Nutzern nicht den Zugang zu den Diensten zu verwehren, indem er durch \u00fcberm\u00e4\u00dfigen Verbrauch der IT-Ressourcen, \u00fcber die ARKOSLIGHT SL den Dienst bereitstellt, den Betrieb behindert oder Handlungen vornimmt, die Sch\u00e4den, Unterbrechungen oder Fehler in diesen Systemen oder Diensten verursachen.<\/p>\n<p>Der Nutzer verpflichtet sich, keine Programme, Viren, Makros, Applets, ActiveX-Steuerelemente oder sonstige logische Ger\u00e4te oder Zeichenfolgen einzuf\u00fchren, die \u00c4nderungen an den Computersystemen von ARKOSLIGHT SL oder Dritten verursachen oder verursachen k\u00f6nnten.<\/p>\n<p>Der Nutzer verpflichtet sich, keine Informationen, Nachrichten, Grafiken, Zeichnungen, Ton- und Bilddateien, Fotos, Aufnahmen, Software oder generell jegliches Material, das \u00fcber die Website oder die darauf angebotenen Dienste zug\u00e4nglich ist, zu erlangen.<\/p>\n<p>Es wird davon ausgegangen, dass der Zugriff oder die Nutzung der Website durch den Nutzer die Annahme dieses rechtlichen Hinweises bedeutet, der von ARKOSLIGHT SL zum Zeitpunkt des Zugriffs ver\u00f6ffentlicht wurde und der stets f\u00fcr die Nutzer verf\u00fcgbar ist.<\/p>\n<p>Der Nutzer verpflichtet sich, die auf der Website angebotenen Inhalte und Dienste (wie Kommentare, Diskussionsforen oder f\u00fcr den Leser offene Seiten) angemessen zu nutzen und sie nicht f\u00fcr illegale oder gegen Treu und Glauben oder die \u00f6ffentliche Ordnung versto\u00dfende Aktivit\u00e4ten zu verwenden; keine Inhalte oder Propaganda zu verbreiten, die rassistisch, fremdenfeindlich, pornografisch-illegal oder terroristisch sind oder die Menschenrechte verletzen.<\/p>\n<h6>Zugang zur Website und Passw\u00f6rter<\/h6>\n<p>Einige der von ARKOSLIGHT SL angebotenen Dienste und Inhalte k\u00f6nnen einer vorherigen Vertragsvereinbarung und der Zahlung eines Entgelts unterliegen, wie in den allgemeinen Gesch\u00e4ftsbedingungen festgelegt, die in diesem Fall klar zur Verf\u00fcgung gestellt werden.<\/p>\n<p>Der Zugang und das Navigieren auf dieser Website erfordert keine Registrierung des Nutzers, sodass keine pers\u00f6nlichen Daten erhoben werden, au\u00dfer wie in der Cookie-Richtlinie angegeben oder wenn der Nutzer diese \u00fcber ein Kontaktformular oder \u00e4hnliches auf dieser Website bereitstellt. In diesem Fall werden die Daten gem\u00e4\u00df den in der Cookie-Richtlinie oder den Datenschutzrichtlinien angegebenen Bedingungen verarbeitet und gespeichert.<\/p>\n<h6>Minderj\u00e4hrige<\/h6>\n<p>Der Abschluss von Vertr\u00e4gen \u00fcber Produkte oder Dienstleistungen \u00fcber die Website ist f\u00fcr Minderj\u00e4hrige verboten. Sie m\u00fcssen zuvor ordnungsgem\u00e4\u00df die Zustimmung ihrer Eltern, Erziehungsberechtigten oder gesetzlichen Vertreter einholen, die f\u00fcr die Handlungen der ihnen unterstehenden Minderj\u00e4hrigen verantwortlich sind.<\/p>\n<h6>\u00c4nderung der Bedingungen des rechtlichen Hinweises<\/h6>\n<p>ARKOSLIGHT SL beh\u00e4lt sich ausdr\u00fccklich das Recht vor, diesen rechtlichen Hinweis zu \u00e4ndern. Der Nutzer erkennt an und akzeptiert, dass es seine Verantwortung ist, die Website und diesen rechtlichen Hinweis regelm\u00e4\u00dfig zu \u00fcberpr\u00fcfen.<\/p>\n<h6>Beschr\u00e4nkung der Garantien und Haftung<\/h6>\n<p>ARKOSLIGHT SL verpflichtet sich, sein Bestes zu tun, um Fehler in den auf der Website erscheinenden Inhalten zu vermeiden. In jedem Fall ist ARKOSLIGHT SL nicht verantwortlich f\u00fcr eventuelle Fehler in den auf der Website erscheinenden Inhalten, sofern diese nicht auf ARKOSLIGHT SL zur\u00fcckzuf\u00fchren sind.<\/p>\n<p>ARKOSLIGHT SL garantiert nicht, dass die Website und der Server frei von Viren sind, und \u00fcbernimmt keine Haftung f\u00fcr Sch\u00e4den oder Beeintr\u00e4chtigungen, die durch St\u00f6rungen, Auslassungen, Unterbrechungen, Computerviren, Telefonst\u00f6rungen oder Unterbrechungen des Betriebs dieses elektronischen Systems verursacht werden, die auf Ursachen zur\u00fcckzuf\u00fchren sind, die au\u00dferhalb der Kontrolle von ARKOSLIGHT SL liegen, sowie f\u00fcr Verz\u00f6gerungen oder Blockierungen bei der Nutzung dieses elektronischen Systems, die durch M\u00e4ngel der Telefonleitungen oder \u00dcberlastungen im Internet oder in anderen elektronischen Systemen verursacht werden, sowie f\u00fcr Sch\u00e4den, die durch das Eingreifen Dritter durch illegale Handlungen au\u00dferhalb der Kontrolle von ARKOSLIGHT SL entstehen k\u00f6nnen.<\/p>\n<h6>Geistiges und gewerbliches Eigentum<\/h6>\n<p>Alle auf den Webseiten des Unternehmens enthaltenen Handelsnamen, Marken oder sonstigen Unterscheidungszeichen jeglicher Art sind Eigentum ihrer jeweiligen Inhaber und gesetzlich gesch\u00fctzt.<\/p>\n<p>Alle Rechte des gewerblichen und geistigen Eigentums an der Website <a href=\"https:\/\/www.arkoslight.com\" target=\"_new\" rel=\"noopener\">https:\/\/www.arkoslight.com<\/a> und deren Inhalten (Texte, Bilder, T\u00f6ne, Audio, Video, Designs, Kreativarbeiten, Software) geh\u00f6ren, als Urheber eines Sammelwerks oder als Lizenznehmer, ARKOSLIGHT SL oder gegebenenfalls Dritten.<\/p>\n<p>Die Vervielf\u00e4ltigung, Verbreitung und \u00f6ffentliche Wiedergabe, einschlie\u00dflich der Art und Weise der Zug\u00e4nglichmachung, des gesamten oder eines Teils des Inhalts dieser Website zu kommerziellen Zwecken auf jeglichem Medium und durch jegliche technische Mittel ist ohne die Genehmigung von ARKOSLIGHT SL ausdr\u00fccklich untersagt. Der Nutzer verpflichtet sich, die Rechte des gewerblichen und geistigen Eigentums von ARKOSLIGHT SL und Dritten zu respektieren.<\/p>\n<p>Im Sinne des Artikels 32.1 des konsolidierten Textes des Gesetzes \u00fcber geistiges Eigentum widersetzt sich ARKOSLIGHT SL ausdr\u00fccklich der Nutzung jeglicher Inhalte der Website zum Zwecke der Erstellung von Rezensionen in anderen telematischen Medien oder in gedruckter Form zu kommerziellen Zwecken, ohne vorherige Genehmigung von ARKOSLIGHT SL.<\/p>\n<p>Der Nutzer darf alle Elemente einsehen, ausdrucken, kopieren und auf der Festplatte seines Computers oder auf einem anderen physischen Datentr\u00e4ger speichern, vorausgesetzt, dass dies ausschlie\u00dflich f\u00fcr seinen pers\u00f6nlichen und privaten Gebrauch erfolgt. Ihre kommerzielle Nutzung, Verbreitung sowie ihre Ver\u00e4nderung, Modifikation oder Dekompilierung ist daher strengstens untersagt.<\/p>\n<p>ARKOSLIGHT SL stellt den Zugang zu Informationen, Dienstleistungen, Programmen oder Daten im Internet zur Verf\u00fcgung, die Dritten geh\u00f6ren k\u00f6nnen. In diesem Fall \u00fcbernimmt ARKOSLIGHT SL keine Verantwortung f\u00fcr diese Inhalte oder f\u00fcr Anspr\u00fcche, die sich aus deren Qualit\u00e4t, Zuverl\u00e4ssigkeit, Genauigkeit oder Korrektheit ergeben k\u00f6nnten.<\/p>\n<h6>Haftung f\u00fcr Links<\/h6>\n<p>Die Website enth\u00e4lt keine Links oder Hyperlinks zu Websites Dritter.<\/p>\n<h6>Schutz personenbezogener Daten<\/h6>\n<p>ARKOSLIGHT SL ergreift die erforderlichen technischen und organisatorischen Ma\u00dfnahmen, um den Schutz personenbezogener Daten zu gew\u00e4hrleisten und deren Ver\u00e4nderung, Verlust, Verarbeitung und\/oder unbefugten Zugriff zu verhindern, unter Ber\u00fccksichtigung des Stands der Technik, der Art der gespeicherten Daten und der Risiken, denen diese ausgesetzt sind, alles in \u00dcbereinstimmung mit der spanischen Gesetzgebung zum Schutz personenbezogener Daten.<\/p>\n<p>Der Nutzer kann ARKOSLIGHT SL seine personenbezogenen Daten \u00fcber die verschiedenen Formulare auf der Website zur Verf\u00fcgung stellen. Diese Formulare enthalten einen rechtlichen Hinweis zum Schutz personenbezogener Daten, der den Anforderungen des Organgesetzes 15\/1999 vom 13. Dezember zum Schutz personenbezogener Daten und dessen Durchf\u00fchrungsverordnung, die durch das K\u00f6nigliche Dekret 1720\/2007 vom 21. Dezember genehmigt wurde, entspricht.<\/p>\n<p>Wir bitten Sie, die rechtlichen Hinweise sorgf\u00e4ltig zu lesen, bevor Sie Ihre personenbezogenen Daten angeben.<\/p>\n<h6>Haftungsausschluss<\/h6>\n<p>ARKOSLIGHT SL \u00fcbernimmt keine Verantwortung f\u00fcr Verluste oder Sch\u00e4den, die dem Nutzer oder Besucher durch einen m\u00f6glichen Ausfall des Dienstes entstehen k\u00f6nnten. Ebenso haftet ARKOSLIGHT SL nicht f\u00fcr Probleme, die durch das Fehlen der Interaktivit\u00e4t zwischen Nutzern oder Besuchern in solchen Situationen entstehen.<\/p>\n<h6>Anwendbares Recht und Gerichtsstand<\/h6>\n<p>Alle Fragen, die zwischen ARKOSLIGHT SL und dem Nutzer im Zusammenhang mit der Auslegung, Erf\u00fcllung und G\u00fcltigkeit dieses rechtlichen Hinweises entstehen, unterliegen ihren eigenen Bestimmungen und, sofern nicht anders vorgesehen, dem spanischen Recht. Die Parteien unterwerfen sich ausdr\u00fccklich der Zust\u00e4ndigkeit der Gerichte am Sitz von ARKOSLIGHT SL.<\/p>\n","protected":false},"excerpt":{"rendered":"<p>Eigentum der Website Die Nutzung dieser Website sowie jeglicher ihrer Dienste setzt das Lesen, Verstehen und Akzeptieren dieses rechtlichen Hinweises durch den Nutzer voraus. In \u00dcbereinstimmung mit den Bestimmungen des Gesetzes 34\/2002 vom 11. Juli \u00fcber Dienstleistungen der Informationsgesellschaft und den elektronischen Gesch\u00e4ftsverkehr (LSSICE) werden die folgenden rechtlichen Aspekte mitgeteilt: Verantwortlicher der Website: ARKOSLIGHT SL &hellip; <a href=\"https:\/\/www.arkoslight.com\/de\/rechtlicher-hinweis\/\">Mehr sehen<\/a><\/p>\n","protected":false},"author":1,"featured_media":0,"parent":0,"menu_order":196,"comment_status":"closed","ping_status":"closed","template":"","meta":{"_acf_changed":false,"footnotes":""},"class_list":["post-6035","page","type-page","status-publish","hentry"],"acf":[],"_links":{"self":[{"href":"https:\/\/www.arkoslight.com\/de\/wp-json\/wp\/v2\/pages\/6035","targetHints":{"allow":["GET"]}}],"collection":[{"href":"https:\/\/www.arkoslight.com\/de\/wp-json\/wp\/v2\/pages"}],"about":[{"href":"https:\/\/www.arkoslight.com\/de\/wp-json\/wp\/v2\/types\/page"}],"author":[{"embeddable":true,"href":"https:\/\/www.arkoslight.com\/de\/wp-json\/wp\/v2\/users\/1"}],"replies":[{"embeddable":true,"href":"https:\/\/www.arkoslight.com\/de\/wp-json\/wp\/v2\/comments?post=6035"}],"version-history":[{"count":3,"href":"https:\/\/www.arkoslight.com\/de\/wp-json\/wp\/v2\/pages\/6035\/revisions"}],"predecessor-version":[{"id":12702,"href":"https:\/\/www.arkoslight.com\/de\/wp-json\/wp\/v2\/pages\/6035\/revisions\/12702"}],"wp:attachment":[{"href":"https:\/\/www.arkoslight.com\/de\/wp-json\/wp\/v2\/media?parent=6035"}],"curies":[{"name":"wp","href":"https:\/\/api.w.org\/{rel}","templated":true}]}}