{"id":6032,"date":"2023-10-25T16:49:50","date_gmt":"2023-10-25T14:49:50","guid":{"rendered":"https:\/\/www.arkoslight.com\/politica-de-privacidad\/"},"modified":"2024-10-16T11:42:29","modified_gmt":"2024-10-16T09:42:29","slug":"datenschutzrichtlinie","status":"publish","type":"page","link":"https:\/\/www.arkoslight.com\/de\/datenschutzrichtlinie\/","title":{"rendered":"Datenschutzrichtlinie und Datenschutzbestimmungen"},"content":{"rendered":"<p>Zustimmung kommerzielle Mailchimp Kommunikation:<\/p>\n<h6>1.- Allgemeine Information<\/h6>\n<p>Die vorliegende \u201eDatenschutzrichtlinie\u201c soll die Konditionen f\u00fcr die Erhebung und Verarbeitung Ihrer personenbezogenen Daten durch unsere Gesellschaft oder Unternehmensgruppe bekannt machen, um die Grundrechte, ihre Ehre und Freiheiten zu wahren, dies in \u00dcbereinstimmung mit den geltenden Vorschriften, die den Schutz personenbezogener Daten gem\u00e4\u00df der Europ\u00e4ischen Union und dem spanischen Mitgliedstaat regeln.<\/p>\n<p>In \u00dcbereinstimmung mit diesen Vorschriften, ben\u00f6tigen wir Ihre Zustimmung und Autorisierung f\u00fcr die Erhebung und Verarbeitung Ihrer pers\u00f6nlichen Daten, weshalb \u00a0wir Ihnen nachfolgend alle Details Ihres Interesses darlegen, bez\u00fcglich der Art und Weise, wie wir diese Prozesse durchf\u00fchren, zu welchen Zwecken, welche andere Entit\u00e4ten m\u00f6glicherweise Zugriff auf Ihre Daten haben und welches Ihre Rechte sind.<\/p>\n<p>Auf der Grundlage des Vorstehenden, ist es erforderlich, dass Sie nach Durchsicht und Pr\u00fcfung unserer Datenschutzrichtlinie, diese akzeptieren und uns Ihre Zustimmung bzw. Einwilligung geben.<\/p>\n<p>&nbsp;<\/p>\n<h6>2.- Verantwortlich f\u00fcr die Bearbeitung<\/h6>\n<p><strong>Wer sammelt und bearbeitet Ihre Daten?<\/strong><\/p>\n<p>Verantwortlich f\u00fcr die Datenverarbeitung ist die nat\u00fcrliche oder juristische Person des \u00f6ffentlichen oder privaten Rechts, oder das Verwaltungsorgan, die\/das allein oder gemeinsam mit anderen, die Zwecke und Mittel der Verarbeitung personenbezogener Daten bestimmt; im Falle, dass die Ziele und Mittel der Verarbeitung durch das Gesetz der Europ\u00e4ischen Union oder den spanischen Mitgliedstaat bestimmt sind.<\/p>\n<p>In diesem Fall sind unsere identifizierenden Kenndaten als Verantwortlicher f\u00fcr die Verarbeitung folgende:<\/p>\n<p>ARKOSLIGHT SL \u2013 CIF B98591381<\/p>\n<p>Ihre pers\u00f6nlichen Daten werden von allen Unternehmen unserer Gruppe der Verantwortlichen bzw. der Unternehmensgruppe ARKOSLIGHT S.L. bearbeitet, welche, zus\u00e4tzlich zu der oben genannten Entit\u00e4t, aus den folgenden Organisationen besteht.<\/p>\n<p><strong>Wie k\u00f6nnen Sie uns kontaktieren?<\/strong><\/p>\n<p>Gesellschaftssitz: POLIGONO INDUSTRIAL EL OLIVERAL, CALLE N \u2013 S\/N., 46394 RIBARROJA DEL TURIA (Valencia), Spanien<br \/>\nE-Mail: pascualgarcia@arkoslight.com \u2013 Telefon: 0034-961667207<\/p>\n<p>Postanschrift: POLIGONO INDUSTRIELLE EL OLIVERAL, CALLE N \u2013 S\/N., 46394 RIBARROJA DEL TURIA (Valencia), Spanien<\/p>\n<p><strong>Wer kann Ihnen mit unserer Datenschutzrichtlinie helfen?<\/strong><\/p>\n<p>Wir haben eine auf Datenschutz spezialisierte Person oder Entit\u00e4t, welche f\u00fcr die korrekte Einhaltung der geltenden Gesetze und Vorschriften in unserem Unternehmen verantwortlich ist. Diese Person wird als Datenschutzbeauftragter (Data Protection Delegate, DPO) oder Data Protection Manager bezeichnet und kann bei Bedarf kontaktiert werden unter:<\/p>\n<p>ARKOSLIGHT S.L. \u2013 CIF B98591381<br \/>\nE-Mail: pascualgarcia@arkoslight.com \u2013 Telefon: 0034-961667207<\/p>\n<p>&nbsp;<\/p>\n<h6>3.- Sicherheitsma\u00dfnahmen<\/h6>\n<p><strong>Was tun wir, um die Vertraulichkeit Ihrer Daten zu gew\u00e4hrleisten?<\/strong><\/p>\n<p>Unser Unternehmen bzw. unsere Unternehmensgruppe \u00fcbernimmt die erforderlichen organisatorischen und technischen Ma\u00dfnahmen, um die Sicherheit und Vertraulichkeit Ihrer Daten zu gew\u00e4hrleisten, deren \u00c4nderung oder Verlust, sowie auch unberechtigten Zugriff und Bearbeitung zu verhindern, gem\u00e4\u00df dem aktuellen Stand der Technik, der Natur der gespeicherten Daten, sowie der Risiken denen diese ausgesetzt sind.<\/p>\n<p>Unter anderen, sind besonders folgende Ma\u00dfnahmen hervorzuheben:<br \/>\n1. Gew\u00e4hrleistung der dauerhaften Geheimhaltung, Integrit\u00e4t, Verf\u00fcgbarkeit und Best\u00e4ndigkeit der Verarbeitungssysteme und -dienste.<br \/>\n2. Wiederherstellen der Verf\u00fcgbarkeit und des Zugriffs auf pers\u00f6nliche Daten, im Falle eines physischen oder technischen Vorfalls.<br \/>\n3. Regelm\u00e4\u00dfige \u00dcberpr\u00fcfung, Bewertung und Beurteilung der Wirksamkeit der technischen und organisatorischen Ma\u00dfnahmen zur Gew\u00e4hrleistung der Sicherheit der Verarbeitung.<br \/>\n4. Pseudonymisierung und Verschl\u00fcsselung pers\u00f6nlicher Daten, falls es sich um sensible Daten handelt.<\/p>\n<p>In der Absicht, die Sicherheit und Privatsph\u00e4re weiter zu st\u00e4rken, binden wir uns an folgende weitere Ma\u00dfnahmen<span style=\"color: var(--color-text-wysiwyg); font-size: var(--font-size-wysiwyg); background-color: var(--bg-body); font-family: var(--font-family-base),sans-serif; font-weight: var(--font-weight-regular);\">.<\/span><\/p>\n<p>&nbsp;<\/p>\n<h6>4.- Zweckbestimmung der Verarbeitung<\/h6>\n<p><strong>Warum m\u00f6chten wir Ihre Daten verarbeiten?<\/strong><\/p>\n<p>Wir ben\u00f6tigen Ihre Genehmigung und Einwilligung, um Ihre pers\u00f6nlichen Daten zu sammeln und zu verarbeiten, wozu wir Ihnen im Folgenden die vorgesehenen Verfahren und Zwecke darlegen. Nichtsdestotrotz werden wir nur diejenigen Massnahmen durchf\u00fchren, zu denen Sie uns durch das \u201eAutorisierungsformular\u201c auch Ihre \u00a0Einwilligung zur Verarbeitung von Daten gegeben haben.<\/p>\n<p>KOMMERZIELLE MAILCHIMP KOMMUNIKATION: Marketing, Werbung und Handelsforschung.<\/p>\n<p><strong>Wie lange bewahren wir Ihre Daten auf?<\/strong><\/p>\n<p>Wir verwenden Ihre Daten strikt lediglich f\u00fcr den Zeitraum, der zur Erf\u00fcllung der oben genannten Zwecke unbedingt erforderlich ist. Sofern keine Verpflichtung oder gesetzliche Anforderung besteht, sind die vorgesehenen Aufbewahrungsfristen:<\/p>\n<p>KOMMERZIELLE MAILCHIMP KOMMUNIKATION: Solange eine L\u00f6schung der Daten nicht von der betroffenen Partei beantragt wird.<\/p>\n<p><strong>Welche automatisierten Entscheidungsprozesse f\u00fchren wir durch? <\/strong>&#8211;<\/p>\n<p>&nbsp;<\/p>\n<h6>5.- Legitimation der Verarbeitung<\/h6>\n<p><strong>Warum verarbeiten wir Ihre Daten?<\/strong><\/p>\n<p>Die Erhebung und Verarbeitung Ihrer Daten ist immer durch eine oder mehrere Rechtsgrundlagen legitimiert, auf die im Folgenden eingegangen wird:<\/p>\n<p>KOMMERZIELLE MAILCHIMP KOMMUNIKATION: Bestehen eines Vertragsverh\u00e4ltnisses mit dem Betroffenen durch einen Vertrag oder Vorvertrag.<\/p>\n<p>&nbsp;<\/p>\n<h6>6.- Empf\u00e4nger Ihrer Daten<\/h6>\n<p><strong>Wem \u00fcberlassen wir Ihre Daten innerhalb der Europ\u00e4ischen Union?<\/strong><\/p>\n<p>Um unseren gesetzlichen und vertraglichen Verpflichtungen Ihnen gegen\u00fcber nachkommen zu k\u00f6nnen, sehen wir uns mit der Verpflichtung und Notwendigkeit konfrontiert, einige Ihrer Daten bestimmten Kategoriern von Empf\u00e4ngern zu \u00fcberlassen, welche wir Ihnen im Folgenden spezifizieren (In Erscheinung treten nur, wenn \u00dcberlassungen realisiert werden):<\/p>\n<p>KOMMERZIELLE MAILCHIMP KOMMUNIKATION: Unternehmen die sich Werbung oder Direkt-Marketing widmen.<\/p>\n<p>Zus\u00e4tzlich zu den Kategorien von Empf\u00e4ngern denen Daten \u00fcberlassen werden, k\u00f6nnten wir sie auch den folgenden Organisationen \u00fcberlassen (In Erscheinung treten nur, wenn \u00dcberlassungen an andere Organisiationen realisiert werden):<\/p>\n<p><strong style=\"color: var(--color-text-wysiwyg); font-family: var(--font-family-base),Roboto,sans-serif; font-size: var(--font-size-wysiwyg); background-color: var(--bg-body);\">F\u00fchren wir internationale Daten\u00fcbermittlungen au\u00dferhalb der Europ\u00e4ischen Union durch?<\/strong><\/p>\n<p>Bei der Verarbeitung Ihrer Daten durch unser Unternehmen, m\u00fcssen wir externe Dienste beauftragen, was m\u00f6glicherweise implizieren k\u00f6nnte, dass Ihre Daten von Organisationen gespeichert oder verarbeitet werden, die au\u00dferhalb der Europ\u00e4ischen Union ans\u00e4ssig oder von dort aus t\u00e4tig sind, was bedeuten w\u00fcrde, dass wir internationale \u00dcbertragungen von Daten realisieren.<\/p>\n<p>Im Folgenden legen wir alle Details internationaler Transfers da (In Erscheinung treten nur, wenn solche realisiert wurden)<\/p>\n<p>&nbsp;<\/p>\n<h6>7.- Herkunft und Arten von behandelten Daten<\/h6>\n<p><strong style=\"color: var(--color-text-wysiwyg); font-family: var(--font-family-base),Roboto,sans-serif; font-size: var(--font-size-wysiwyg); background-color: var(--bg-body);\">Wo haben wir Ihre Daten erhalten?<br \/>\nWelche Arten von Daten haben wir gesammelt und verarbeitet?<\/strong><\/p>\n<p>KOMMERZIELLE MAILCHIMP KOMMUNIKATION<br \/>\nZweckbestimmung: Marketing, Werbung und Handelsforschung<\/p>\n<p>&nbsp;<\/p>\n<h6>8.- Rechte der betroffenen Parteien<\/h6>\n<p><strong>Welche Rechte sch\u00fctzen Sie?<\/strong><\/p>\n<p>Die aktuellen Datenschutzbestimmungen sch\u00fctzen Sie in einer Reihe von Rechten in Bezug auf die Nutzung Ihrer Daten. Jedes einzelne ihrer Rechte ist personenbezogen und nicht \u00fcbertragbar, d.h. sie k\u00f6nnen nur vom Inhaber der Daten nach der Sicherstellung ihrer Identit\u00e4t realisiert werden.<\/p>\n<p>Im Folgenden zeigen wir auf, welche Rechte Sie unterst\u00fctzen:<\/p>\n<ul>\n<li>Beantragung des ZUGANGS zu Ihren pers\u00f6nlichen Daten<\/li>\n<li>Beantragung der BERICHTIGUNG Ihrer Daten<\/li>\n<li>Beantragung der L\u00d6SCHUNG Ihrer Daten (das \u201cRecht auf Vergessenwerden\u201c)<\/li>\n<li>BESCHR\u00c4NKUNG oder WIDERSPRUCH hinsichtlich der Verwendung Ihrer Daten.<\/li>\n<li>Das Recht auf \u00dcBERTRAGBARKEIT Ihrer Daten f\u00fcr F\u00e4lle von Telekommunikations- oder Internetdiensten<\/li>\n<li>Das Recht, Ihre Zustimmung jederzeit ZUR\u00dcCKZUZIEHEN<\/li>\n<li>Das Recht, einen BESCHWERDE bzw. EINSPRUCH bez\u00fcglich des Datenschutzes bei der Kontrollbeh\u00f6rde einzureichen: Spanische Agentur f\u00fcr den Datenschutz<\/li>\n<\/ul>\n<p><strong>Wie k\u00f6nnen Sie Ihre Rechte in Bezug auf Ihre Daten aus\u00fcben?<\/strong><\/p>\n<p>Ihr Recht auf Zugang, Berichtigung, L\u00f6schung, Beschr\u00e4nkung oder Widerspruch,<br \/>\n\u00dcbertragbarkeit und R\u00fcckzug Ihrer Zustimmung, k\u00f6nnen Sie auf folgende Weise aus\u00fcben:<\/p>\n<p>KOMMERZIELLE MAILCHIMP KOMMUNIKATION<br \/>\nVerantwortlicher: ARKOSLIGHT S.L.<br \/>\nAdresse: POLIGONO INDUSTRIAL EL OLIVERAL, CALLE N \u2013 S\/N, 46394 RIBARROJA DEL TURIA (Valencia), Spanien<br \/>\nTelefon: 0034-961667207<br \/>\nE-Mail: pascualgarcia@arkoslight.com<\/p>\n<p><strong>Wie k\u00f6nnen Sie ein Beschwerde oder Einspruch einlegen?<\/strong><\/p>\n<p>\u00dcber diese sie unterst\u00fctzenden Rechte hinaus, k\u00f6nnen Sie, wenn Sie der Ansicht sind, dass Ihre Daten nicht gem\u00e4\u00df den geltenden Datenschutzbestimmungen erfasst oder verarbeitet werden, eine Beschwerde bei der Kontrollbeh\u00f6rde einreichen, deren Kontaktinformationen wir nachstehend angeben:<\/p>\n<p>Spanische Agentur f\u00fcr den Datenschutz<br \/>\nCalle Jorge Juan 6, 28001 Madrid (Madrid), Spanien<br \/>\nE-Mail: info@agpd.es \u2013 Telefon: 0034-912663517<br \/>\nWeb: https:\/\/www.agpd.es<\/p>\n<p>&nbsp;<\/p>\n<h6>9.- Zustimmung und Annahme<\/h6>\n<p>Die Zustimmung zu diesem Dokument bedeutet, dass Sie alle Klauseln unserer Datenschutzerkl\u00e4rung, welche die Sammlung und Verarbeitung Ihrer pers\u00f6nlichen Daten in diesen Bedingungen autorisiert, verstehen und akzeptieren. Diese Einwilligung bzw. Zustimmung erfolgt durch die Unterzeichnung des \u201eAutorisierungsformulars der Einwilligung zur Verarbeitung prsonenbezogener Daten\u201c.<\/p>\n","protected":false},"excerpt":{"rendered":"<p>Zustimmung kommerzielle Mailchimp Kommunikation: 1.- Allgemeine Information Die vorliegende \u201eDatenschutzrichtlinie\u201c soll die Konditionen f\u00fcr die Erhebung und Verarbeitung Ihrer personenbezogenen Daten durch unsere Gesellschaft oder Unternehmensgruppe bekannt machen, um die Grundrechte, ihre Ehre und Freiheiten zu wahren, dies in \u00dcbereinstimmung mit den geltenden Vorschriften, die den Schutz personenbezogener Daten gem\u00e4\u00df der Europ\u00e4ischen Union und dem &hellip; <a href=\"https:\/\/www.arkoslight.com\/de\/datenschutzrichtlinie\/\">Mehr sehen<\/a><\/p>\n","protected":false},"author":1,"featured_media":0,"parent":0,"menu_order":192,"comment_status":"closed","ping_status":"closed","template":"","meta":{"_acf_changed":false,"footnotes":""},"class_list":["post-6032","page","type-page","status-publish","hentry"],"acf":[],"_links":{"self":[{"href":"https:\/\/www.arkoslight.com\/de\/wp-json\/wp\/v2\/pages\/6032","targetHints":{"allow":["GET"]}}],"collection":[{"href":"https:\/\/www.arkoslight.com\/de\/wp-json\/wp\/v2\/pages"}],"about":[{"href":"https:\/\/www.arkoslight.com\/de\/wp-json\/wp\/v2\/types\/page"}],"author":[{"embeddable":true,"href":"https:\/\/www.arkoslight.com\/de\/wp-json\/wp\/v2\/users\/1"}],"replies":[{"embeddable":true,"href":"https:\/\/www.arkoslight.com\/de\/wp-json\/wp\/v2\/comments?post=6032"}],"version-history":[{"count":7,"href":"https:\/\/www.arkoslight.com\/de\/wp-json\/wp\/v2\/pages\/6032\/revisions"}],"predecessor-version":[{"id":12810,"href":"https:\/\/www.arkoslight.com\/de\/wp-json\/wp\/v2\/pages\/6032\/revisions\/12810"}],"wp:attachment":[{"href":"https:\/\/www.arkoslight.com\/de\/wp-json\/wp\/v2\/media?parent=6032"}],"curies":[{"name":"wp","href":"https:\/\/api.w.org\/{rel}","templated":true}]}}